{"id":47,"date":"2026-02-14T18:47:23","date_gmt":"2026-02-14T17:47:23","guid":{"rendered":"http:\/\/influenceimmo.com\/?page_id=47"},"modified":"2026-02-14T21:51:01","modified_gmt":"2026-02-14T20:51:01","slug":"contact","status":"publish","type":"page","link":"https:\/\/influenceimmo.com\/?page_id=47","title":{"rendered":"Politique de Confidentialit\u00e9"},"content":{"rendered":"<header class=\"post-header\">\n<h1 class=\"page-title entry-title\"><span style=\"color: #000000;\">Politique de Confidentialit\u00e9<\/span><\/h1>\n<\/header>\n<article class=\"post-content entry-content\">\n<div>\n<p><span style=\"color: #000000;\"><strong>POLITIQUE DE CONFIDENTIALIT\u00c9<\/strong><\/span><\/p>\n<p><span style=\"color: #000000;\"><strong><a style=\"color: #000000;\" href=\"https:\/\/influenceimmo.com\/\">https:\/\/influenceimmo.com\/<\/a><\/strong><\/span><br \/>\n<span style=\"color: #000000;\">Inverno Elegante Unipessoal.LDA<\/span><\/p>\n<p><span style=\"color: #000000;\">Type de site\u00a0: site vitrine \/ informatif<\/span><\/p>\n<\/div>\n<div>\n<p><span style=\"color: #000000;\"><strong><u>Le but de cette politique de confidentialit\u00e9<\/u><\/strong><\/span><\/p>\n<p><span style=\"color: #000000;\">Le but de cette politique de confidentialit\u00e9 est d\u2019informer les utilisateurs de notre site des donn\u00e9es personnelles que nous recueillons ainsi que des informations suivantes, le cas \u00e9ch\u00e9ant :<\/span><\/p>\n<ol class=\" list-style-type-lower-alpha\" start=\"1\">\n<li value=\"1\"><span style=\"color: #000000;\">Les donn\u00e9es personnelles que nous recueillerons<\/span><\/li>\n<li value=\"2\"><span style=\"color: #000000;\">L\u2019utilisation des donn\u00e9es recueillies<\/span><\/li>\n<li value=\"3\"><span style=\"color: #000000;\">Qui a acc\u00e8s aux donn\u00e9es recueillies<\/span><\/li>\n<li value=\"4\"><span style=\"color: #000000;\">Les droits des utilisateurs du site<\/span><\/li>\n<li value=\"5\"><span style=\"color: #000000;\">La politique de cookies du site<\/span><\/li>\n<\/ol>\n<p><span style=\"color: #000000;\">Cette politique de confidentialit\u00e9 s\u2019applique en compl\u00e9ment des conditions g\u00e9n\u00e9rales d\u2019utilisation de notre site.<\/span><\/p>\n<\/div>\n<div>\n<p><span style=\"color: #000000;\"><strong><u>Lois applicables<\/u><\/strong><\/span><\/p>\n<p><span style=\"color: #000000;\">Conform\u00e9ment au\u00a0<em>R\u00e8glement g\u00e9n\u00e9ral sur la protection des donn\u00e9es<\/em>\u00a0(RGPD), cette politique de confidentialit\u00e9 est conforme aux normes suivantes.<\/span><\/p>\n<p><span style=\"color: #000000;\">Les donn\u00e9es \u00e0 caract\u00e8re personnel doivent \u00eatre :<\/span><\/p>\n<ol class=\" list-style-type-lower-alpha\" start=\"1\">\n<li value=\"1\"><span style=\"color: #000000;\">trait\u00e9es de mani\u00e8re licite, loyale et transparente au regard de la personne concern\u00e9e (lic\u00e9it\u00e9, loyaut\u00e9, transparence) ;<\/span><\/li>\n<li value=\"2\"><span style=\"color: #000000;\">collect\u00e9es pour des finalit\u00e9s d\u00e9termin\u00e9es, explicites et l\u00e9gitimes, et ne pas \u00eatre trait\u00e9es ult\u00e9rieurement d\u2019une mani\u00e8re incompatible avec ces finalit\u00e9s; le traitement ult\u00e9rieur \u00e0 des fins archivistiques dans l\u2019int\u00e9r\u00eat public, \u00e0 des fins de recherche scientifique ou historique ou \u00e0 des fins statistiques n\u2019est pas consid\u00e9r\u00e9, conform\u00e9ment \u00e0 l\u2019article 89, paragraphe 1, comme incompatible avec les finalit\u00e9s initiales (limitation des finalit\u00e9s) ;<\/span><\/li>\n<li value=\"3\"><span style=\"color: #000000;\">ad\u00e9quates, pertinentes et limit\u00e9es \u00e0 ce qui est n\u00e9cessaire au regard des finalit\u00e9s pour lesquelles elles sont trait\u00e9es (minimisation des donn\u00e9es) ;<\/span><\/li>\n<li value=\"4\"><span style=\"color: #000000;\">exactes et, si n\u00e9cessaire, tenues \u00e0 jour; toutes les mesures raisonnables doivent \u00eatre prises pour que les donn\u00e9es \u00e0 caract\u00e8re personnel qui sont inexactes, eu \u00e9gard aux finalit\u00e9s pour lesquelles elles sont trait\u00e9es, soient effac\u00e9es ou rectifi\u00e9es sans tarder (exactitude) ;<\/span><\/li>\n<li value=\"5\"><span style=\"color: #000000;\">conserv\u00e9es sous une forme permettant l\u2019identification des personnes concern\u00e9es pendant une dur\u00e9e n\u2019exc\u00e9dant pas celle n\u00e9cessaire au regard des finalit\u00e9s pour lesquelles elles sont trait\u00e9es; les donn\u00e9es \u00e0 caract\u00e8re personnel peuvent \u00eatre conserv\u00e9es pour des dur\u00e9es plus longues dans la mesure o\u00f9 elles seront trait\u00e9es exclusivement \u00e0 des fins archivistiques dans l\u2019int\u00e9r\u00eat public, \u00e0 des fins de recherche scientifique ou historique ou \u00e0 des fins statistiques conform\u00e9ment \u00e0 l\u2019article 89, paragraphe 1, pour autant que soient mises en \u0153uvre les mesures techniques et organisationnelles appropri\u00e9es requises par le r\u00e8glement afin de garantir les droits et libert\u00e9s de la personne concern\u00e9e (limitation de la conservation) ;<\/span><\/li>\n<li value=\"6\"><span style=\"color: #000000;\">trait\u00e9es de fa\u00e7on \u00e0 garantir une s\u00e9curit\u00e9 appropri\u00e9e des donn\u00e9es \u00e0 caract\u00e8re personnel, y compris la protection contre le traitement non autoris\u00e9 ou illicite et contre la perte, la destruction ou les d\u00e9g\u00e2ts d\u2019origine accidentelle, \u00e0 l\u2019aide de mesures techniques ou organisationnelles appropri\u00e9es (int\u00e9grit\u00e9 et confidentialit\u00e9).<\/span><\/li>\n<\/ol>\n<p><span style=\"color: #000000;\">Le traitement n\u2019est licite que si, et dans la mesure o\u00f9, au moins une des conditions suivantes est remplie :<\/span><\/p>\n<ol class=\" list-style-type-lower-alpha\" start=\"1\">\n<li value=\"1\"><span style=\"color: #000000;\">la personne concern\u00e9e a consenti au traitement de ses donn\u00e9es \u00e0 caract\u00e8re personnel pour une ou plusieurs finalit\u00e9s sp\u00e9cifiques ;<\/span><\/li>\n<li value=\"2\"><span style=\"color: #000000;\">le traitement est n\u00e9cessaire \u00e0 l\u2019ex\u00e9cution d\u2019un contrat auquel la personne concern\u00e9e est partie ou \u00e0 l\u2019ex\u00e9cution de mesures pr\u00e9contractuelles prises \u00e0 la demande de celle-ci ;<\/span><\/li>\n<li value=\"3\"><span style=\"color: #000000;\">le traitement est n\u00e9cessaire au respect d\u2019une obligation l\u00e9gale \u00e0 laquelle le responsable du traitement est soumis ;<\/span><\/li>\n<li value=\"4\"><span style=\"color: #000000;\">le traitement est n\u00e9cessaire \u00e0 la sauvegarde des int\u00e9r\u00eats vitaux de la personne concern\u00e9e ou d\u2019une autre personne physique ;<\/span><\/li>\n<li value=\"5\"><span style=\"color: #000000;\">le traitement est n\u00e9cessaire \u00e0 l\u2019ex\u00e9cution d\u2019une mission d\u2019int\u00e9r\u00eat public ou relevant de l\u2019exercice de l\u2019autorit\u00e9 publique dont est investi le responsable du traitement ;<\/span><\/li>\n<li value=\"6\"><span style=\"color: #000000;\">le traitement est n\u00e9cessaire aux fins des int\u00e9r\u00eats l\u00e9gitimes poursuivis par le responsable du traitement ou par un tiers, \u00e0 moins que ne pr\u00e9valent les int\u00e9r\u00eats ou les libert\u00e9s et droits fondamentaux de la personne concern\u00e9e qui exigent une protection des donn\u00e9es \u00e0 caract\u00e8re personnel, notamment lorsque la personne concern\u00e9e est un enfant.<\/span><\/li>\n<\/ol>\n<p><span style=\"color: #000000;\">Pour les r\u00e9sidents de l\u2019\u00c9tat de Californie, cette politique de confidentialit\u00e9 vise \u00e0 se conformer \u00e0 la\u00a0<em>California Consumer Privacy Act (CCPA)<\/em>. S\u2019il y a des incoh\u00e9rences entre ce document et la\u00a0<em>CCPA<\/em>, la l\u00e9gislation de l\u2019\u00c9tat s\u2019appliquera. Si nous constatons des incoh\u00e9rences, nous modifierons notre politique pour nous conformer \u00e0 la loi pertinente.<\/span><\/p>\n<\/div>\n<div>\n<p><span style=\"color: #000000;\"><strong><u>Consentement<\/u><\/strong><\/span><\/p>\n<p><span style=\"color: #000000;\">Les utilisateurs conviennent qu\u2019en utilisant notre site, ils acceptent :<\/span><\/p>\n<ol class=\" list-style-type-lower-alpha\" start=\"1\">\n<li value=\"1\"><span style=\"color: #000000;\">les conditions \u00e9nonc\u00e9es dans la pr\u00e9sente politique de confidentialit\u00e9 et<\/span><\/li>\n<li value=\"2\"><span style=\"color: #000000;\">la collecte, l\u2019utilisation et la conservation des donn\u00e9es \u00e9num\u00e9r\u00e9es dans la pr\u00e9sente politique.<\/span><\/li>\n<\/ol>\n<\/div>\n<div>\n<p><span style=\"color: #000000;\"><strong><u>Donn\u00e9es personnelles que nous collectons<\/u><\/strong><\/span><\/p>\n<div>\n<div>\n<p><span style=\"color: #000000;\"><strong>Donn\u00e9es collect\u00e9es automatiquement<\/strong><\/span><\/p>\n<p><span style=\"color: #000000;\">Lorsque vous visitez et utilisez notre site, nous pouvons automatiquement recueillir et conserver les renseignements suivants :<\/span><\/p>\n<ol class=\" list-style-type-lower-alpha\" start=\"1\">\n<li value=\"1\"><span style=\"color: #000000;\">Contenu que l\u2019utilisateur consulte sur votre site<\/span><\/li>\n<\/ol>\n<\/div>\n<div>\n<p><span style=\"color: #000000;\"><strong>Donn\u00e9es recueillies de fa\u00e7on non automatique<\/strong><\/span><\/p>\n<p><span style=\"color: #000000;\">Nous ne collectons pas de donn\u00e9es suppl\u00e9mentaires lorsque l\u2019utilisateur remplit certaines fonctions sur notre site.<\/span><\/p>\n<\/div>\n<p><span style=\"color: #000000;\">Veuillez noter que nous ne collectons que les donn\u00e9es qui nous aident \u00e0 atteindre l\u2019objectif \u00e9nonc\u00e9 dans cette politique de confidentialit\u00e9. Nous ne recueillerons pas de donn\u00e9es suppl\u00e9mentaires sans vous en informer au pr\u00e9alable.<\/span><\/p>\n<\/div>\n<\/div>\n<div>\n<p><span style=\"color: #000000;\"><strong><u>Comment nous utilisons les donn\u00e9es personnelles<\/u><\/strong><\/span><\/p>\n<p><span style=\"color: #000000;\">Les donn\u00e9es personnelles recueillies sur notre site seront utilis\u00e9es uniquement aux fins pr\u00e9cis\u00e9es dans la pr\u00e9sente politique ou indiqu\u00e9es sur les pages pertinentes de notre site. Nous n\u2019utiliserons pas vos donn\u00e9es au-del\u00e0 de ce que nous divulguerons.<\/span><\/p>\n<div>\n<p><span style=\"color: #000000;\">Les donn\u00e9es que nous recueillons automatiquement sont utilis\u00e9es aux fins suivantes\u00a0:<\/span><\/p>\n<ol class=\" list-style-type-lower-alpha\" start=\"1\">\n<li value=\"1\"><span style=\"color: #000000;\">pour compilier des statistiques<\/span><\/li>\n<\/ol>\n<\/div>\n<\/div>\n<div>\n<p><span style=\"color: #000000;\"><strong><u>Avec qui nous partageons les donn\u00e9es personnelles<\/u><\/strong><\/span><\/p>\n<div>\n<p><span style=\"color: #000000;\"><strong>Employ\u00e9s<\/strong><\/span><br \/>\n<span style=\"color: #000000;\">Nous pouvons divulguer \u00e0 tout membre de notre organisation les donn\u00e9es utilisateur dont ce membre a raisonnablement besoin pour r\u00e9aliser les objectifs \u00e9nonc\u00e9s dans la pr\u00e9sente politique.<\/span><\/p>\n<\/div>\n<div>\n<p><span style=\"color: #000000;\"><strong>Tierces parties<\/strong><\/span><br \/>\n<span style=\"color: #000000;\">Nous pouvons partager les donn\u00e9es utilisateur avec les tiers suivants\u00a0:<\/span><\/p>\n<ol class=\" list-style-type-lower-alpha\" start=\"1\">\n<li value=\"1\"><span style=\"color: #000000;\">agences de publicit\u00e9<\/span><\/li>\n<\/ol>\n<p><span style=\"color: #000000;\">Nous pouvons partager les donn\u00e9es utilisateur avec des tiers aux fins suivantes\u00a0:<\/span><\/p>\n<ol class=\" list-style-type-lower-alpha\" start=\"1\">\n<li value=\"1\"><span style=\"color: #000000;\">Liens cliqu\u00e9s lors de l\u2019utilisation du site<\/span><\/li>\n<\/ol>\n<p><span style=\"color: #000000;\">Les tiers ne seront pas en mesure d\u2019acc\u00e9der aux donn\u00e9es des utilisateurs au-del\u00e0 de ce qui est raisonnablement n\u00e9cessaire pour atteindre l\u2019objectif donn\u00e9.<\/span><\/p>\n<\/div>\n<div>\n<p><span style=\"color: #000000;\"><strong>Autres divulgations<\/strong><\/span><br \/>\n<span style=\"color: #000000;\">Nous nous engageons \u00e0 ne pas vendre ou partager vos donn\u00e9es avec d\u2019autres tiers, sauf dans les cas suivants\u00a0:<\/span><\/p>\n<ol class=\" list-style-type-lower-alpha\" start=\"1\">\n<li value=\"1\"><span style=\"color: #000000;\">si la loi l\u2019exige<\/span><\/li>\n<li value=\"2\"><span style=\"color: #000000;\">si elle est requise pour toute proc\u00e9dure judiciaire<\/span><\/li>\n<li value=\"3\"><span style=\"color: #000000;\">pour prouver ou prot\u00e9ger nos droits l\u00e9gaux<\/span><\/li>\n<li value=\"4\"><span style=\"color: #000000;\">\u00e0 des acheteurs ou des acheteurs potentiels de cette soci\u00e9t\u00e9 dans le cas o\u00f9 nous cherchons \u00e0 la vendre la soci\u00e9t\u00e9<\/span><\/li>\n<\/ol>\n<p><span style=\"color: #000000;\">Si vous consultez des hyperliens de notre site vers un autre site, veuillez noter que nous ne sommes pas responsables et n\u2019avons pas de contr\u00f4le sur leurs politiques et pratiques de confidentialit\u00e9.<\/span><\/p>\n<p><span style=\"color: #000000;\">This website has an exclusive advertising contract with Ezoic Inc. (\u201cEzoic\u201d), a renowned leader in website optimization, enhancing user experiences, optimizing ad performance, and generating revenue through advanced AI-powered technology. Ezoic may employ a variety of technologies on this website, including to display advertisements and enable advertising to visitors of this website. For additional information about Ezoic\u2019s advertising partners, please see Ezoic\u2019s Advertising Partner Page\u00a0<a style=\"color: #000000;\" href=\"https:\/\/www.ezoic.com\/privacy-policy\/ad-partners\/\">here<\/a>.<\/span><\/p>\n<\/div>\n<\/div>\n<div>\n<p><span style=\"color: #000000;\"><strong><u>Combien de temps nous stockons les donn\u00e9es personnelles<\/u><\/strong><\/span><\/p>\n<p><span style=\"color: #000000;\">Les donn\u00e9es personnelles sont conserv\u00e9es aussi longtemps que n\u00e9cessaire pour les fins pour lesquelles elles ont \u00e9t\u00e9 collect\u00e9es, ou pour se conformer \u00e0 nos obligations l\u00e9gales. Une fois cette dur\u00e9e \u00e9coul\u00e9e, les donn\u00e9es seront supprim\u00e9es de mani\u00e8re s\u00e9curis\u00e9e.<\/span><\/p>\n<\/div>\n<div>\n<p><span style=\"color: #000000;\"><strong><u>Comment nous prot\u00e9geons vos donn\u00e9es personnelles<\/u><\/strong><\/span><\/p>\n<p><span style=\"color: #000000;\">Toutes les informations sensibles sont chiffr\u00e9es \u00e0 l\u2019aide de technologies robustes. Lorsque vous vous connectez \u00e0 notre site, vos donn\u00e9es sont transmises via une connexion s\u00e9curis\u00e9e (HTTPS), garantissant qu\u2019elles sont prot\u00e9g\u00e9es contre toute interception ou manipulation.<\/span><\/p>\n<p><span style=\"color: #000000;\">Bien que nous prenions toutes les pr\u00e9cautions raisonnables pour s\u00e9curiser les donn\u00e9es de nos utilisateurs et garantir leur protection, il subsiste toujours un certain risque. L\u2019Internet dans son ensemble peut parfois pr\u00e9senter des vuln\u00e9rabilit\u00e9s, et il nous est donc impossible d\u2019assurer une s\u00e9curit\u00e9 absolue des donn\u00e9es des utilisateurs au-del\u00e0 de ce qui est raisonnablement r\u00e9alisable.<\/span><\/p>\n<p><span style=\"color: #000000;\">En cas de violation de la s\u00e9curit\u00e9 affectant vos renseignements personnels, nous vous en informerons conform\u00e9ment aux obligations l\u00e9gales et prendrons les mesures n\u00e9cessaires pour en limiter les risques.<\/span><\/p>\n<\/div>\n<div>\n<p><span style=\"color: #000000;\"><strong><u>Mineurs<\/u><\/strong><\/span><\/p>\n<p><span style=\"color: #000000;\">Le RGPD pr\u00e9cise que les personnes de moins de 15 ans sont consid\u00e9r\u00e9es comme des mineurs aux fins de la collecte de donn\u00e9es. Les mineurs doivent avoir le consentement d\u2019un repr\u00e9sentant l\u00e9gal pour que leurs donn\u00e9es soient recueillies, trait\u00e9es et utilis\u00e9es.<\/span><\/p>\n<\/div>\n<div>\n<p><span style=\"color: #000000;\"><strong><u>Vos droits en tant qu\u2019utilisateur<\/u><\/strong><\/span><\/p>\n<div>\n<p><span style=\"color: #000000;\">En vertu du RGPD, les utilisateurs ont les droits suivants sur leurs donn\u00e9es en tant que personnes concern\u00e9es :<\/span><\/p>\n<ol class=\" list-style-type-lower-alpha\" start=\"1\">\n<li value=\"1\"><span style=\"color: #000000;\">droit d\u2019acc\u00e8s<\/span><\/li>\n<li value=\"2\"><span style=\"color: #000000;\">droit de rectification<\/span><\/li>\n<li value=\"3\"><span style=\"color: #000000;\">droit \u00e0 l\u2019effacement<\/span><\/li>\n<li value=\"4\"><span style=\"color: #000000;\">droit de restreindre le traitement<\/span><\/li>\n<li value=\"5\"><span style=\"color: #000000;\">droit \u00e0 la portabilit\u00e9 des donn\u00e9es<\/span><\/li>\n<li value=\"6\"><span style=\"color: #000000;\">droit d\u2019objection<\/span><\/li>\n<\/ol>\n<p><span style=\"color: #000000;\">Vous trouverez de plus amples informations sur ces droits au chapitre 3 (article 12-23) du RGPD.<\/span><\/p>\n<p>&nbsp;<\/p>\n<\/div>\n<\/div>\n<div>\n<p><span style=\"color: #000000;\"><strong><u>Comment modifier, supprimer ou contester les donn\u00e9es recueillies<\/u><\/strong><\/span><\/p>\n<p><span style=\"color: #000000;\">Si vous souhaitez que vos renseignements soient supprim\u00e9s ou modifi\u00e9s d\u2019une fa\u00e7on ou d\u2019une autre, veuillez communiquer avec notre agent de protection des donn\u00e9es personnelles ici :<\/span><\/p>\n<p><span style=\"color: #000000;\">INVERNO ELEGANTE UNIPESSOAL LDA<\/span><\/p>\n<p>110 AVENIDA DA LIBERDADE LISBOA PORTUGAL<\/p>\n<p><span style=\"color: #000000;\"><a style=\"color: #000000;\" href=\"mailto:contact@influenceimmo.com\">contact@influenceimmo.com<\/a><\/span><br \/>\n<span style=\"color: #000000;\">______________________________<\/span><\/p>\n<\/div>\n<div>\n<p><span style=\"color: #000000;\"><strong><u>Modifications<\/u><\/strong><\/span><\/p>\n<p><span style=\"color: #000000;\">Cette politique de confidentialit\u00e9 peut \u00eatre modifi\u00e9e \u00e0 de temps \u00e0 autre afin de maintenir la conformit\u00e9 avec la loi et de tenir compte de tout changement \u00e0 notre processus de collecte de donn\u00e9es. Nous recommandons \u00e0 nos utilisateurs de v\u00e9rifier notre politique de confidentialit\u00e9 de temps \u00e0 autre pour s\u2019assurer qu\u2019ils soient inform\u00e9s de toute mise \u00e0 jour. Au besoin, nous pouvons informer les utilisateurs par courriel des changements apport\u00e9s \u00e0 cette politique.<\/span><\/p>\n<\/div>\n<div>\n<p><span style=\"color: #000000;\"><strong><u>Contact<\/u><\/strong><\/span><\/p>\n<p><span style=\"color: #000000;\">Si vous avez des questions \u00e0 nous poser, n\u2019h\u00e9sitez pas \u00e0 communiquer avec nous en utilisant ce qui suit\u00a0:<\/span><br \/>\n<span style=\"color: #000000;\">______________________________<\/span><br \/>\n<span style=\"color: #000000;\"><a style=\"color: #000000;\" href=\"mailto:contact@influenceimmo.com\">contact@influenceimmo.com<\/a><\/span><br \/>\n110 AVENIDA DA LIBERDADE LISBOA PORTUGAL<\/p>\n<\/div>\n<p><span style=\"color: #000000;\"><em>Date d\u2019entr\u00e9e en vigueur de la pr\u00e9sente politique\u00a0:\u00a0<\/em>le 1 novembre 2024<\/span><\/p>\n<\/article>\n","protected":false},"excerpt":{"rendered":"<p>Politique de Confidentialit\u00e9 POLITIQUE DE CONFIDENTIALIT\u00c9 https:\/\/influenceimmo.com\/ Inverno Elegante Unipessoal.LDA Type de site\u00a0: site vitrine \/ informatif Le but de cette politique de confidentialit\u00e9 Le but de cette politique de confidentialit\u00e9 est d\u2019informer les utilisateurs de notre site des donn\u00e9es personnelles que nous recueillons ainsi que des informations suivantes, le cas \u00e9ch\u00e9ant : Les donn\u00e9es [&hellip;]<\/p>\n<p><a href=\"https:\/\/influenceimmo.com\/?page_id=47\" class=\"post-read-more\">Continue Reading&#8230;<\/a><\/p>\n","protected":false},"author":1,"featured_media":0,"parent":0,"menu_order":0,"comment_status":"closed","ping_status":"closed","template":"","meta":{"footnotes":""},"class_list":["post-47","page","type-page","status-publish","hentry"],"yoast_head":"<!-- This site is optimized with the Yoast SEO plugin v27.0 - https:\/\/yoast.com\/product\/yoast-seo-wordpress\/ -->\n<title>Politique de Confidentialite By InfluenceImmo<\/title>\n<meta name=\"description\" content=\"Le but de cette politique de confidentialit\u00e9 est d\u2019informer les utilisateurs de notre site des donn\u00e9es personnelles que nous recueillons\" \/>\n<meta name=\"robots\" content=\"index, follow, max-snippet:-1, max-image-preview:large, max-video-preview:-1\" \/>\n<link rel=\"canonical\" href=\"https:\/\/influenceimmo.com\/contact\/\" \/>\n<meta property=\"og:locale\" content=\"en_US\" \/>\n<meta property=\"og:type\" content=\"article\" \/>\n<meta property=\"og:title\" content=\"Politique de Confidentialite By InfluenceImmo\" \/>\n<meta property=\"og:description\" content=\"Le but de cette politique de confidentialit\u00e9 est d\u2019informer les utilisateurs de notre site des donn\u00e9es personnelles que nous recueillons\" \/>\n<meta property=\"og:url\" content=\"https:\/\/influenceimmo.com\/contact\/\" \/>\n<meta property=\"og:site_name\" content=\")\" \/>\n<meta property=\"article:publisher\" content=\"https:\/\/www.facebook.com\/influenceimmo.influenceimmo.35\" \/>\n<meta property=\"article:modified_time\" content=\"2026-02-14T20:51:01+00:00\" \/>\n<meta name=\"twitter:card\" content=\"summary_large_image\" \/>\n<meta name=\"twitter:label1\" content=\"Est. reading time\" \/>\n\t<meta name=\"twitter:data1\" content=\"8 minute\" \/>\n<script type=\"application\/ld+json\" class=\"yoast-schema-graph\">{\"@context\":\"https:\/\/schema.org\",\"@graph\":[{\"@type\":\"WebPage\",\"@id\":\"https:\/\/influenceimmo.com\/contact\/\",\"url\":\"https:\/\/influenceimmo.com\/contact\/\",\"name\":\"Politique de Confidentialite By InfluenceImmo\",\"isPartOf\":{\"@id\":\"https:\/\/influenceimmo.com\/#website\"},\"datePublished\":\"2026-02-14T17:47:23+00:00\",\"dateModified\":\"2026-02-14T20:51:01+00:00\",\"description\":\"Le but de cette politique de confidentialit\u00e9 est d\u2019informer les utilisateurs de notre site des donn\u00e9es personnelles que nous recueillons\",\"breadcrumb\":{\"@id\":\"https:\/\/influenceimmo.com\/contact\/#breadcrumb\"},\"inLanguage\":\"af-ZA\",\"potentialAction\":[{\"@type\":\"ReadAction\",\"target\":[\"https:\/\/influenceimmo.com\/contact\/\"]}]},{\"@type\":\"BreadcrumbList\",\"@id\":\"https:\/\/influenceimmo.com\/contact\/#breadcrumb\",\"itemListElement\":[{\"@type\":\"ListItem\",\"position\":1,\"name\":\"Accueil\",\"item\":\"https:\/\/influenceimmo.com\/\"},{\"@type\":\"ListItem\",\"position\":2,\"name\":\"Politique de Confidentialit\u00e9\"}]},{\"@type\":\"WebSite\",\"@id\":\"https:\/\/influenceimmo.com\/#website\",\"url\":\"https:\/\/influenceimmo.com\/\",\"name\":\"InfluenceImmo\",\"description\":\"Les Meilleurs Astuces &amp; Lifestyle\",\"potentialAction\":[{\"@type\":\"SearchAction\",\"target\":{\"@type\":\"EntryPoint\",\"urlTemplate\":\"https:\/\/influenceimmo.com\/?s={search_term_string}\"},\"query-input\":{\"@type\":\"PropertyValueSpecification\",\"valueRequired\":true,\"valueName\":\"search_term_string\"}}],\"inLanguage\":\"af-ZA\"}]}<\/script>\n<!-- \/ Yoast SEO plugin. -->","yoast_head_json":{"title":"Politique de Confidentialite By InfluenceImmo","description":"Le but de cette politique de confidentialit\u00e9 est d\u2019informer les utilisateurs de notre site des donn\u00e9es personnelles que nous recueillons","robots":{"index":"index","follow":"follow","max-snippet":"max-snippet:-1","max-image-preview":"max-image-preview:large","max-video-preview":"max-video-preview:-1"},"canonical":"https:\/\/influenceimmo.com\/contact\/","og_locale":"en_US","og_type":"article","og_title":"Politique de Confidentialite By InfluenceImmo","og_description":"Le but de cette politique de confidentialit\u00e9 est d\u2019informer les utilisateurs de notre site des donn\u00e9es personnelles que nous recueillons","og_url":"https:\/\/influenceimmo.com\/contact\/","og_site_name":")","article_publisher":"https:\/\/www.facebook.com\/influenceimmo.influenceimmo.35","article_modified_time":"2026-02-14T20:51:01+00:00","twitter_card":"summary_large_image","twitter_misc":{"Est. reading time":"8 minute"},"schema":{"@context":"https:\/\/schema.org","@graph":[{"@type":"WebPage","@id":"https:\/\/influenceimmo.com\/contact\/","url":"https:\/\/influenceimmo.com\/contact\/","name":"Politique de Confidentialite By InfluenceImmo","isPartOf":{"@id":"https:\/\/influenceimmo.com\/#website"},"datePublished":"2026-02-14T17:47:23+00:00","dateModified":"2026-02-14T20:51:01+00:00","description":"Le but de cette politique de confidentialit\u00e9 est d\u2019informer les utilisateurs de notre site des donn\u00e9es personnelles que nous recueillons","breadcrumb":{"@id":"https:\/\/influenceimmo.com\/contact\/#breadcrumb"},"inLanguage":"af-ZA","potentialAction":[{"@type":"ReadAction","target":["https:\/\/influenceimmo.com\/contact\/"]}]},{"@type":"BreadcrumbList","@id":"https:\/\/influenceimmo.com\/contact\/#breadcrumb","itemListElement":[{"@type":"ListItem","position":1,"name":"Accueil","item":"https:\/\/influenceimmo.com\/"},{"@type":"ListItem","position":2,"name":"Politique de Confidentialit\u00e9"}]},{"@type":"WebSite","@id":"https:\/\/influenceimmo.com\/#website","url":"https:\/\/influenceimmo.com\/","name":"InfluenceImmo","description":"Les Meilleurs Astuces &amp; Lifestyle","potentialAction":[{"@type":"SearchAction","target":{"@type":"EntryPoint","urlTemplate":"https:\/\/influenceimmo.com\/?s={search_term_string}"},"query-input":{"@type":"PropertyValueSpecification","valueRequired":true,"valueName":"search_term_string"}}],"inLanguage":"af-ZA"}]}},"_links":{"self":[{"href":"https:\/\/influenceimmo.com\/index.php?rest_route=\/wp\/v2\/pages\/47","targetHints":{"allow":["GET"]}}],"collection":[{"href":"https:\/\/influenceimmo.com\/index.php?rest_route=\/wp\/v2\/pages"}],"about":[{"href":"https:\/\/influenceimmo.com\/index.php?rest_route=\/wp\/v2\/types\/page"}],"author":[{"embeddable":true,"href":"https:\/\/influenceimmo.com\/index.php?rest_route=\/wp\/v2\/users\/1"}],"replies":[{"embeddable":true,"href":"https:\/\/influenceimmo.com\/index.php?rest_route=%2Fwp%2Fv2%2Fcomments&post=47"}],"version-history":[{"count":2,"href":"https:\/\/influenceimmo.com\/index.php?rest_route=\/wp\/v2\/pages\/47\/revisions"}],"predecessor-version":[{"id":93061,"href":"https:\/\/influenceimmo.com\/index.php?rest_route=\/wp\/v2\/pages\/47\/revisions\/93061"}],"wp:attachment":[{"href":"https:\/\/influenceimmo.com\/index.php?rest_route=%2Fwp%2Fv2%2Fmedia&parent=47"}],"curies":[{"name":"wp","href":"https:\/\/api.w.org\/{rel}","templated":true}]}}